{"id":7,"date":"2025-09-23T10:23:07","date_gmt":"2025-09-23T02:23:07","guid":{"rendered":"http:\/\/jizhuangxiang.webqd.net\/?page_id=7"},"modified":"2026-01-28T10:17:01","modified_gmt":"2026-01-28T02:17:01","slug":"about","status":"publish","type":"page","link":"https:\/\/www.gkcpro.com\/de\/about\/","title":{"rendered":"\u00dcber uns"},"content":{"rendered":"<p>Container House Co., Ltd. baut modulare Wohnprodukte f\u00fcr reale Gesch\u00e4ftsanforderungen.  Wir sind eine Containerhausfabrik, die sich auf eine stabile Produktion, klare Spezifikationen und Produkte konzentriert, die sich auf dem Weltmarkt bew\u00e4hren.<\/p>\n<p>Wir verlassen uns nicht auf komplizierte Worte oder leere Versprechungen.  Wir konzentrieren uns auf Produkte, die sich leicht weiterverkaufen lassen, einfach zu transportieren und praktisch f\u00fcr den Einsatz vor Ort sind.  Von Standardger\u00e4ten bis hin zu kundenspezifischen Modellen - unsere Produktion basiert auf einheitlichen Materialien und kontrollierten Prozessen, was unseren Partnern hilft, Risiken zu reduzieren und Zeit zu sparen.<\/p>\n<p>Warum tr\u00e4gt die Zusammenarbeit mit uns zu einem reibungsloseren Projektverlauf bei?  Die Antwort ist einfach.  Wir h\u00f6ren zuerst zu.  Sie teilen uns Ihren Markt oder Projektplan mit, und wir antworten mit praktikablen Layouts, praktischen Optionen und Preisen, die zu Ihrem Gesch\u00e4ftsmodell passen.  Importeure profitieren von einer zuverl\u00e4ssigen Lieferkette, Gro\u00dfh\u00e4ndler erhalten marktreife Produkte, Bauunternehmer gebrauchte Containerr\u00e4ume mit Strukturen, die f\u00fcr die tats\u00e4chlichen Standortbedingungen geeignet sind.<\/p>\n<p>Wir bleiben \u00fcber die Produktion hinaus involviert.  Von den Zeichnungen und der Best\u00e4tigung bis hin zur Verpackung und Lieferung sorgt unser Team f\u00fcr eine klare und effiziente Kommunikation.  Ma\u00dfgeschneiderte L\u00f6sungen f\u00fcr unterschiedliche Partner sind der Grundstein f\u00fcr eine langfristige Zusammenarbeit.<\/p>\n<p>Wenn Sie Containerh\u00e4user f\u00fcr Import-, Vertriebs- oder Bauprojekte beschaffen m\u00f6chten, ist dies ein guter Ausgangspunkt.  Nehmen Sie Kontakt mit uns auf und erfahren Sie, wie ein fokussierter Fertigungspartner Ihren n\u00e4chsten Auftrag unterst\u00fctzen kann.<\/p>","protected":false},"excerpt":{"rendered":"<p>Container House Co., Ltd. builds modular housing products for real business needs. \u00a0We are a container house factory focused on stable production, clear specifications, and products that perform well in global markets. We don\u2019t rely on complicated words or empty promises. \u00a0We focus on products that are easy to resell, simple to transport, and practical [&hellip;]<\/p>","protected":false},"author":1,"featured_media":0,"parent":0,"menu_order":0,"comment_status":"closed","ping_status":"closed","template":"","meta":{"footnotes":""},"class_list":["post-7","page","type-page","status-publish","hentry"],"yoast_head":"<!-- This site is optimized with the Yoast SEO plugin v26.6 - https:\/\/yoast.com\/wordpress\/plugins\/seo\/ -->\n<title>About Us - Container House Co., Ltd<\/title>\n<meta name=\"robots\" content=\"index, follow, max-snippet:-1, max-image-preview:large, max-video-preview:-1\" \/>\n<link rel=\"canonical\" href=\"https:\/\/www.gkcpro.com\/de\/about\/\" \/>\n<meta property=\"og:locale\" content=\"de_DE\" \/>\n<meta property=\"og:type\" content=\"article\" \/>\n<meta property=\"og:title\" content=\"About Us - Container House Co., Ltd\" \/>\n<meta property=\"og:description\" content=\"Container House Co., Ltd. builds modular housing products for real business needs. \u00a0We are a container house factory focused on stable production, clear specifications, and products that perform well in global markets. We don\u2019t rely on complicated words or empty promises. \u00a0We focus on products that are easy to resell, simple to transport, and practical [&hellip;]\" \/>\n<meta property=\"og:url\" content=\"https:\/\/www.gkcpro.com\/de\/about\/\" \/>\n<meta property=\"og:site_name\" content=\"Container House Co., Ltd.\" \/>\n<meta property=\"article:modified_time\" content=\"2026-01-28T02:17:01+00:00\" \/>\n<meta name=\"twitter:card\" content=\"summary_large_image\" \/>\n<meta name=\"twitter:label1\" content=\"Gesch\u00e4tzte Lesezeit\" \/>\n\t<meta name=\"twitter:data1\" content=\"1\u00a0Minute\" \/>\n<script type=\"application\/ld+json\" class=\"yoast-schema-graph\">{\"@context\":\"https:\/\/schema.org\",\"@graph\":[{\"@type\":\"WebPage\",\"@id\":\"https:\/\/www.gkcpro.com\/about\/\",\"url\":\"https:\/\/www.gkcpro.com\/about\/\",\"name\":\"About Us - Container House Co., Ltd\",\"isPartOf\":{\"@id\":\"https:\/\/www.gkcpro.com\/#website\"},\"datePublished\":\"2025-09-23T02:23:07+00:00\",\"dateModified\":\"2026-01-28T02:17:01+00:00\",\"breadcrumb\":{\"@id\":\"https:\/\/www.gkcpro.com\/about\/#breadcrumb\"},\"inLanguage\":\"de\",\"potentialAction\":[{\"@type\":\"ReadAction\",\"target\":[\"https:\/\/www.gkcpro.com\/about\/\"]}]},{\"@type\":\"BreadcrumbList\",\"@id\":\"https:\/\/www.gkcpro.com\/about\/#breadcrumb\",\"itemListElement\":[{\"@type\":\"ListItem\",\"position\":1,\"name\":\"\u9996\u9875\",\"item\":\"https:\/\/www.gkcpro.com\/\"},{\"@type\":\"ListItem\",\"position\":2,\"name\":\"About Us\"}]},{\"@type\":\"WebSite\",\"@id\":\"https:\/\/www.gkcpro.com\/#website\",\"url\":\"https:\/\/www.gkcpro.com\/\",\"name\":\"Container House Co., Ltd.\",\"description\":\"Container House factory\",\"potentialAction\":[{\"@type\":\"SearchAction\",\"target\":{\"@type\":\"EntryPoint\",\"urlTemplate\":\"https:\/\/www.gkcpro.com\/?s={search_term_string}\"},\"query-input\":{\"@type\":\"PropertyValueSpecification\",\"valueRequired\":true,\"valueName\":\"search_term_string\"}}],\"inLanguage\":\"de\"}]}<\/script>\n<!-- \/ Yoast SEO plugin. -->","yoast_head_json":{"title":"\u00dcber uns - Container House Co, Ltd.","robots":{"index":"index","follow":"follow","max-snippet":"max-snippet:-1","max-image-preview":"max-image-preview:large","max-video-preview":"max-video-preview:-1"},"canonical":"https:\/\/www.gkcpro.com\/de\/about\/","og_locale":"de_DE","og_type":"article","og_title":"About Us - Container House Co., Ltd","og_description":"Container House Co., Ltd. builds modular housing products for real business needs. \u00a0We are a container house factory focused on stable production, clear specifications, and products that perform well in global markets. We don\u2019t rely on complicated words or empty promises. \u00a0We focus on products that are easy to resell, simple to transport, and practical [&hellip;]","og_url":"https:\/\/www.gkcpro.com\/de\/about\/","og_site_name":"Container House Co., Ltd.","article_modified_time":"2026-01-28T02:17:01+00:00","twitter_card":"summary_large_image","twitter_misc":{"Gesch\u00e4tzte Lesezeit":"1\u00a0Minute"},"schema":{"@context":"https:\/\/schema.org","@graph":[{"@type":"WebPage","@id":"https:\/\/www.gkcpro.com\/about\/","url":"https:\/\/www.gkcpro.com\/about\/","name":"\u00dcber uns - Container House Co, Ltd.","isPartOf":{"@id":"https:\/\/www.gkcpro.com\/#website"},"datePublished":"2025-09-23T02:23:07+00:00","dateModified":"2026-01-28T02:17:01+00:00","breadcrumb":{"@id":"https:\/\/www.gkcpro.com\/about\/#breadcrumb"},"inLanguage":"de","potentialAction":[{"@type":"ReadAction","target":["https:\/\/www.gkcpro.com\/about\/"]}]},{"@type":"BreadcrumbList","@id":"https:\/\/www.gkcpro.com\/about\/#breadcrumb","itemListElement":[{"@type":"ListItem","position":1,"name":"\u9996\u9875","item":"https:\/\/www.gkcpro.com\/"},{"@type":"ListItem","position":2,"name":"About Us"}]},{"@type":"WebSite","@id":"https:\/\/www.gkcpro.com\/#website","url":"https:\/\/www.gkcpro.com\/","name":"Container House Co. Ltd.","description":"Containerhaus-Fabrik","potentialAction":[{"@type":"SearchAction","target":{"@type":"EntryPoint","urlTemplate":"https:\/\/www.gkcpro.com\/?s={search_term_string}"},"query-input":{"@type":"PropertyValueSpecification","valueRequired":true,"valueName":"search_term_string"}}],"inLanguage":"de"}]}},"_links":{"self":[{"href":"https:\/\/www.gkcpro.com\/de\/wp-json\/wp\/v2\/pages\/7","targetHints":{"allow":["GET"]}}],"collection":[{"href":"https:\/\/www.gkcpro.com\/de\/wp-json\/wp\/v2\/pages"}],"about":[{"href":"https:\/\/www.gkcpro.com\/de\/wp-json\/wp\/v2\/types\/page"}],"author":[{"embeddable":true,"href":"https:\/\/www.gkcpro.com\/de\/wp-json\/wp\/v2\/users\/1"}],"replies":[{"embeddable":true,"href":"https:\/\/www.gkcpro.com\/de\/wp-json\/wp\/v2\/comments?post=7"}],"version-history":[{"count":15,"href":"https:\/\/www.gkcpro.com\/de\/wp-json\/wp\/v2\/pages\/7\/revisions"}],"predecessor-version":[{"id":878,"href":"https:\/\/www.gkcpro.com\/de\/wp-json\/wp\/v2\/pages\/7\/revisions\/878"}],"wp:attachment":[{"href":"https:\/\/www.gkcpro.com\/de\/wp-json\/wp\/v2\/media?parent=7"}],"curies":[{"name":"wp","href":"https:\/\/api.w.org\/{rel}","templated":true}]}}